{"id":928,"date":"2026-04-07T23:58:01","date_gmt":"2026-04-08T02:58:01","guid":{"rendered":"https:\/\/neblinux.com.br\/?post_type=product&#038;p=928"},"modified":"2026-04-10T11:00:43","modified_gmt":"2026-04-10T14:00:43","slug":"10-filtros-de-aco-aplicador","status":"publish","type":"product","link":"https:\/\/neblinux.com.br\/?product=10-filtros-de-aco-aplicador","title":{"rendered":"10 filtros de a\u00e7o + aplicador"},"content":{"rendered":"<p>Filtros de a\u00e7o de reposi\u00e7\u00e3o. Utilizados na c\u00e2mara de vidro. Cont\u00e9m 10 unidades e acompanha o aplicador.<\/p>\n<div class=\"neblinux-block-media-text\">\n<div class=\"neblinux-video-player\">\n<video src=\"https:\/\/neblinux.com.br\/wp-content\/uploads\/2026\/04\/cleaning_06.mp4\" poster=\"https:\/\/neblinux.com.br\/wp-content\/uploads\/2026\/04\/cleaning_06.jpg\"><\/video>\n<\/div>\n<div>\n<h3>Troca dos filtros<\/h3>\n<p>Os filtros da c\u00e2mara de vidro devem ser trocados assim que o ac\u00famulo de res\u00edduos estiver dificultando o fluxo de ar.<\/p>\n<p>Acesse o <a href=\"https:\/\/neblinux.com.br\/?page_id=895\">guia de higieniza\u00e7\u00e3o<\/a> para ver o passo a passo da limpeza completa das pe\u00e7as e mais detalhes sobre a troca dos filtros de a\u00e7o.<\/p>\n<\/div>\n<\/div>\n","protected":false},"excerpt":{"rendered":"<p>Filtros de a\u00e7o de reposi\u00e7\u00e3o. Utilizados na c\u00e2mara de vidro. Cont\u00e9m 10 unidades e acompanha o aplicador.<\/p>\n","protected":false},"featured_media":929,"comment_status":"closed","ping_status":"closed","template":"","meta":[],"product_brand":[],"product_cat":[17],"product_tag":[],"class_list":{"0":"post-928","1":"product","2":"type-product","3":"status-publish","4":"has-post-thumbnail","6":"product_cat-vaporizador","7":"product_shipping_class-despesa-extra","9":"first","10":"instock","11":"shipping-taxable","12":"purchasable","13":"product-type-simple"},"_links":{"self":[{"href":"https:\/\/neblinux.com.br\/index.php?rest_route=\/wp\/v2\/product\/928","targetHints":{"allow":["GET"]}}],"collection":[{"href":"https:\/\/neblinux.com.br\/index.php?rest_route=\/wp\/v2\/product"}],"about":[{"href":"https:\/\/neblinux.com.br\/index.php?rest_route=\/wp\/v2\/types\/product"}],"replies":[{"embeddable":true,"href":"https:\/\/neblinux.com.br\/index.php?rest_route=%2Fwp%2Fv2%2Fcomments&post=928"}],"wp:featuredmedia":[{"embeddable":true,"href":"https:\/\/neblinux.com.br\/index.php?rest_route=\/wp\/v2\/media\/929"}],"wp:attachment":[{"href":"https:\/\/neblinux.com.br\/index.php?rest_route=%2Fwp%2Fv2%2Fmedia&parent=928"}],"wp:term":[{"taxonomy":"product_brand","embeddable":true,"href":"https:\/\/neblinux.com.br\/index.php?rest_route=%2Fwp%2Fv2%2Fproduct_brand&post=928"},{"taxonomy":"product_cat","embeddable":true,"href":"https:\/\/neblinux.com.br\/index.php?rest_route=%2Fwp%2Fv2%2Fproduct_cat&post=928"},{"taxonomy":"product_tag","embeddable":true,"href":"https:\/\/neblinux.com.br\/index.php?rest_route=%2Fwp%2Fv2%2Fproduct_tag&post=928"}],"curies":[{"name":"wp","href":"https:\/\/api.w.org\/{rel}","templated":true}]}}