{"id":142,"date":"2024-07-30T17:05:41","date_gmt":"2024-07-30T20:05:41","guid":{"rendered":"https:\/\/neblinux.com.br\/?post_type=product&#038;p=142"},"modified":"2026-04-02T12:54:51","modified_gmt":"2026-04-02T15:54:51","slug":"balao-coletor-3-unidades","status":"publish","type":"product","link":"https:\/\/neblinux.com.br\/?product=balao-coletor-3-unidades","title":{"rendered":"Bal\u00e3o coletor (3 unidades)"},"content":{"rendered":"<p>Bal\u00e3o coletor Neblinux para reposi\u00e7\u00e3o. Pacote com tr\u00eas unidades. Este bal\u00e3o n\u00e3o acompanha o bocal e deve ser acoplado ao bocal que acompanha o aparelho.<\/p>\n<div class=\"neblinux-block-media-text\">\n<div class=\"neblinux-video-player\">\n<video src=\"https:\/\/neblinux.com.br\/wp-content\/uploads\/2026\/04\/Bag-Replacement-Out.mp4\" poster=\"https:\/\/neblinux.com.br\/wp-content\/uploads\/2026\/04\/Bag-Replacement-Out.jpg\"><\/video>\n<\/div>\n<div>\n<h3>Remo\u00e7\u00e3o do bal\u00e3o usado<\/h3>\n<p>Segure apoiando na palma da m\u00e3o e puxe para fora, rotacionando levemente.<\/p>\n<\/div>\n<\/div>\n<div class=\"neblinux-block-media-text has-media-on-the-right\">\n<div>\n<h3>Coloca\u00e7\u00e3o do novo bal\u00e3o<\/h3>\n<p>Segurando com a palma da m\u00e3o, encaixe no bocal e empurre.<\/p>\n<\/div>\n<div class=\"neblinux-video-player\">\n<video src=\"https:\/\/neblinux.com.br\/wp-content\/uploads\/2026\/04\/Bag-Replacement-In.mp4\" poster=\"https:\/\/neblinux.com.br\/wp-content\/uploads\/2026\/04\/Bag-Replacement-In.jpg\"><\/video>\n<\/div>\n<\/div>\n","protected":false},"excerpt":{"rendered":"<p>Bal\u00e3o coletor Neblinux. Pacote com tr\u00eas unidades.<\/p>\n","protected":false},"featured_media":582,"comment_status":"closed","ping_status":"closed","template":"","meta":[],"product_brand":[],"product_cat":[17],"product_tag":[],"class_list":{"0":"post-142","1":"product","2":"type-product","3":"status-publish","4":"has-post-thumbnail","6":"product_cat-vaporizador","8":"first","9":"instock","10":"shipping-taxable","11":"purchasable","12":"product-type-simple"},"_links":{"self":[{"href":"https:\/\/neblinux.com.br\/index.php?rest_route=\/wp\/v2\/product\/142","targetHints":{"allow":["GET"]}}],"collection":[{"href":"https:\/\/neblinux.com.br\/index.php?rest_route=\/wp\/v2\/product"}],"about":[{"href":"https:\/\/neblinux.com.br\/index.php?rest_route=\/wp\/v2\/types\/product"}],"replies":[{"embeddable":true,"href":"https:\/\/neblinux.com.br\/index.php?rest_route=%2Fwp%2Fv2%2Fcomments&post=142"}],"wp:featuredmedia":[{"embeddable":true,"href":"https:\/\/neblinux.com.br\/index.php?rest_route=\/wp\/v2\/media\/582"}],"wp:attachment":[{"href":"https:\/\/neblinux.com.br\/index.php?rest_route=%2Fwp%2Fv2%2Fmedia&parent=142"}],"wp:term":[{"taxonomy":"product_brand","embeddable":true,"href":"https:\/\/neblinux.com.br\/index.php?rest_route=%2Fwp%2Fv2%2Fproduct_brand&post=142"},{"taxonomy":"product_cat","embeddable":true,"href":"https:\/\/neblinux.com.br\/index.php?rest_route=%2Fwp%2Fv2%2Fproduct_cat&post=142"},{"taxonomy":"product_tag","embeddable":true,"href":"https:\/\/neblinux.com.br\/index.php?rest_route=%2Fwp%2Fv2%2Fproduct_tag&post=142"}],"curies":[{"name":"wp","href":"https:\/\/api.w.org\/{rel}","templated":true}]}}