{"id":130,"date":"2024-07-29T15:00:43","date_gmt":"2024-07-29T18:00:43","guid":{"rendered":"https:\/\/neblinux.com.br\/?post_type=product&#038;p=130"},"modified":"2026-04-02T13:57:45","modified_gmt":"2026-04-02T16:57:45","slug":"camara-de-sublimacao","status":"publish","type":"product","link":"https:\/\/neblinux.com.br\/?product=camara-de-sublimacao","title":{"rendered":"C\u00e2mara de vaporiza\u00e7\u00e3o"},"content":{"rendered":"<p>C\u00e2mara de vaporiza\u00e7\u00e3o Neblinux. Para utiliza\u00e7\u00e3o com o vaporizador <a href=\"https:\/\/neblinux.com.br\/?product=neblinux\">Neblinux<\/a>. A c\u00e2mara \u00e9 composta de duas pe\u00e7as que se encaixam. O material para vaporiza\u00e7\u00e3o \u00e9 colocado dentro da pe\u00e7a mais curta e a pe\u00e7a mais longa encaixa sobre ela, conduzindo a extra\u00e7\u00e3o para dentro do bal\u00e3o.<\/p>\n<div class=\"neblinux-block-media-text has-media-on-the-right black\">\n<div>\n<p>A c\u00e2mara de vaporiza\u00e7\u00e3o Neblinux \u00e9 produzida em vidro temperado com 2,5mm de parede.<\/p>\n<p>Com encaixes de silicone e filtro de a\u00e7o, permite \u00f3tima distribui\u00e7\u00e3o do calor.<\/p>\n<p>Capacidade de at\u00e9 0,3g de erva seca. N\u00e3o deixa cheiro residual.<\/p>\n<\/div>\n<div class=\"neblinux-video-player\">\n<video src=\"https:\/\/neblinux.com.br\/wp-content\/uploads\/2026\/04\/Pipes.mp4\" poster=\"https:\/\/neblinux.com.br\/wp-content\/uploads\/2026\/04\/Pipes.jpg\"><\/video>\n<\/div>\n<\/div>\n","protected":false},"excerpt":{"rendered":"<p>C\u00e2mara de sublima\u00e7\u00e3o Neblinux.<\/p>\n","protected":false},"featured_media":639,"comment_status":"closed","ping_status":"closed","template":"","meta":[],"product_brand":[],"product_cat":[17],"product_tag":[],"class_list":{"0":"post-130","1":"product","2":"type-product","3":"status-publish","4":"has-post-thumbnail","6":"product_cat-vaporizador","8":"first","9":"instock","10":"shipping-taxable","11":"purchasable","12":"product-type-simple"},"_links":{"self":[{"href":"https:\/\/neblinux.com.br\/index.php?rest_route=\/wp\/v2\/product\/130","targetHints":{"allow":["GET"]}}],"collection":[{"href":"https:\/\/neblinux.com.br\/index.php?rest_route=\/wp\/v2\/product"}],"about":[{"href":"https:\/\/neblinux.com.br\/index.php?rest_route=\/wp\/v2\/types\/product"}],"replies":[{"embeddable":true,"href":"https:\/\/neblinux.com.br\/index.php?rest_route=%2Fwp%2Fv2%2Fcomments&post=130"}],"wp:featuredmedia":[{"embeddable":true,"href":"https:\/\/neblinux.com.br\/index.php?rest_route=\/wp\/v2\/media\/639"}],"wp:attachment":[{"href":"https:\/\/neblinux.com.br\/index.php?rest_route=%2Fwp%2Fv2%2Fmedia&parent=130"}],"wp:term":[{"taxonomy":"product_brand","embeddable":true,"href":"https:\/\/neblinux.com.br\/index.php?rest_route=%2Fwp%2Fv2%2Fproduct_brand&post=130"},{"taxonomy":"product_cat","embeddable":true,"href":"https:\/\/neblinux.com.br\/index.php?rest_route=%2Fwp%2Fv2%2Fproduct_cat&post=130"},{"taxonomy":"product_tag","embeddable":true,"href":"https:\/\/neblinux.com.br\/index.php?rest_route=%2Fwp%2Fv2%2Fproduct_tag&post=130"}],"curies":[{"name":"wp","href":"https:\/\/api.w.org\/{rel}","templated":true}]}}