{"id":105,"date":"2024-07-01T21:16:43","date_gmt":"2024-07-02T00:16:43","guid":{"rendered":"https:\/\/neblinux.com.br\/?post_type=product&#038;p=105"},"modified":"2026-04-10T11:48:26","modified_gmt":"2026-04-10T14:48:26","slug":"neblinux","status":"publish","type":"product","link":"https:\/\/neblinux.com.br\/?product=neblinux","title":{"rendered":"Vaporizador Neblinux"},"content":{"rendered":"<p>Neblinux\u00ae \u00e9 um vaporizador de ervas e compostos derivados, com bal\u00e3o coletor e sistema de controle t\u00e9rmico de alta precis\u00e3o.<\/p>\n<p>Sua finalidade \u00e9 volatilizar compostos presentes em plantas por difus\u00e3o t\u00e9rmica. Esses compostos podem ser diretamente dispersados no ar ou coletados no bal\u00e3o.<\/p>\n<p>O primeiro com tecnologia 100% nacional. Com controle inteligente de temperatura e desligamento autom\u00e1tico.<\/p>\n<div class=\"neblinux-block-media-text\">\n<div class=\"neblinux-video-player\">\n<video src=\"https:\/\/neblinux.com.br\/wp-content\/uploads\/2026\/01\/Temp-Change.mp4\" poster=\"https:\/\/neblinux.com.br\/wp-content\/uploads\/2026\/01\/Temp-Change.jpg\"><\/video>\n<\/div>\n<div>\n<p>Tela OLED frontal para alterar e acompanhar a temperatura.<\/p>\n<p>Controle amig\u00e1vel. Basta escolher a temperatura desejada e acionar.<\/p>\n<\/div>\n<\/div>\n<div class=\"neblinux-block-media-text has-media-on-the-right black\">\n<div>\n<p>A c\u00e2mara de vaporiza\u00e7\u00e3o Neblinux \u00e9 produzida em vidro temperado com 2,5mm de parede.<\/p>\n<p>Com encaixes de silicone e filtro de a\u00e7o, permite \u00f3tima distribui\u00e7\u00e3o do calor.<\/p>\n<p>Capacidade de at\u00e9 0,3g de erva seca.<\/p>\n<\/div>\n<div class=\"neblinux-video-player\">\n<video src=\"https:\/\/neblinux.com.br\/wp-content\/uploads\/2026\/04\/Pipes.mp4\" poster=\"https:\/\/neblinux.com.br\/wp-content\/uploads\/2026\/04\/Pipes.jpg\"><\/video>\n<\/div>\n<\/div>\n<div class=\"neblinux-block-media-text\">\n<div class=\"neblinux-video-player\">\n<video src=\"https:\/\/neblinux.com.br\/wp-content\/uploads\/2026\/04\/Tubes-Up.mp4\" poster=\"https:\/\/neblinux.com.br\/wp-content\/uploads\/2026\/04\/Tubes-Up.jpg\"><\/video>\n<\/div>\n<div>\n<p>Oferece melhor aproveitamento em rela\u00e7\u00e3o \u00e0 queima e evita desperd\u00edcio.<\/p>\n<p>N\u00e3o produz fuma\u00e7a de queima e n\u00e3o deixa cinzas, reduzindo drasticamente o cheiro residual.<\/p>\n<\/div>\n<\/div>\n<p>O aparelho acompanha:<\/p>\n<ul>\n<li>1x aparelho vaporizador digital Neblinux\u00ae<\/li>\n<li>1x Adaptador AC\/DC<\/li>\n<li>1x c\u00e2mara de sublima\u00e7\u00e3o<\/li>\n<li>1x bocal do bal\u00e3o coletor<\/li>\n<li>2x bal\u00f5es coletores<\/li>\n<\/ul>\n<p>D\u00favidas? Escreva para <a href=\"mailto:contato@neblinux.com.br\">contato@neblinux.com.br<\/a>.<\/p>\n","protected":false},"excerpt":{"rendered":"<p>Neblinux\u00ae \u00e9 um vaporizador de ervas e compostos derivados, com bal\u00e3o coletor e sistema de controle t\u00e9rmico de alta precis\u00e3o. Sua finalidade \u00e9 volatilizar compostos presentes em plantas por difus\u00e3o [&hellip;]<\/p>\n","protected":false},"featured_media":573,"comment_status":"closed","ping_status":"closed","template":"","meta":[],"product_brand":[],"product_cat":[17],"product_tag":[],"class_list":{"0":"post-105","1":"product","2":"type-product","3":"status-publish","4":"has-post-thumbnail","6":"product_cat-vaporizador","7":"product_shipping_class-pesado","9":"first","10":"instock","11":"shipping-taxable","12":"purchasable","13":"product-type-simple"},"_links":{"self":[{"href":"https:\/\/neblinux.com.br\/index.php?rest_route=\/wp\/v2\/product\/105","targetHints":{"allow":["GET"]}}],"collection":[{"href":"https:\/\/neblinux.com.br\/index.php?rest_route=\/wp\/v2\/product"}],"about":[{"href":"https:\/\/neblinux.com.br\/index.php?rest_route=\/wp\/v2\/types\/product"}],"replies":[{"embeddable":true,"href":"https:\/\/neblinux.com.br\/index.php?rest_route=%2Fwp%2Fv2%2Fcomments&post=105"}],"wp:featuredmedia":[{"embeddable":true,"href":"https:\/\/neblinux.com.br\/index.php?rest_route=\/wp\/v2\/media\/573"}],"wp:attachment":[{"href":"https:\/\/neblinux.com.br\/index.php?rest_route=%2Fwp%2Fv2%2Fmedia&parent=105"}],"wp:term":[{"taxonomy":"product_brand","embeddable":true,"href":"https:\/\/neblinux.com.br\/index.php?rest_route=%2Fwp%2Fv2%2Fproduct_brand&post=105"},{"taxonomy":"product_cat","embeddable":true,"href":"https:\/\/neblinux.com.br\/index.php?rest_route=%2Fwp%2Fv2%2Fproduct_cat&post=105"},{"taxonomy":"product_tag","embeddable":true,"href":"https:\/\/neblinux.com.br\/index.php?rest_route=%2Fwp%2Fv2%2Fproduct_tag&post=105"}],"curies":[{"name":"wp","href":"https:\/\/api.w.org\/{rel}","templated":true}]}}