{"id":895,"date":"2026-04-02T00:07:57","date_gmt":"2026-04-02T03:07:57","guid":{"rendered":"https:\/\/neblinux.com.br\/?page_id=895"},"modified":"2026-04-08T00:29:24","modified_gmt":"2026-04-08T03:29:24","slug":"limpeza","status":"publish","type":"page","link":"https:\/\/neblinux.com.br\/?page_id=895","title":{"rendered":"Limpeza da c\u00e2mara de vidro"},"content":{"rendered":"\n<p>A vaporiza\u00e7\u00e3o regular de ervas inevitavelmente causa o ac\u00famulo de res\u00edduos na c\u00e2mara de vidro. Embora <strong>muitas sess\u00f5es de vaporiza\u00e7\u00e3o possam ser realizadas antes que haja necessidade de fazer a limpeza<\/strong>, \u00e9 importante realizar a higieniza\u00e7\u00e3o peri\u00f3dica para garantir o fluxo de ar adequado e eliminar odores residuais de usos anteriores.<\/p>\n\n\n\n<h2 class=\"wp-block-heading\">Materiais necess\u00e1rios<\/h2>\n\n\n\n<ul class=\"wp-block-list\">\n<li><a href=\"https:\/\/neblinux.com.br\/?product=10-filtros-de-aco-aplicador\" data-type=\"product\" data-id=\"928\">Filtros de a\u00e7o novos e seu aplicador<\/a>.<\/li>\n\n\n\n<li>Toalhas de papel.<\/li>\n<\/ul>\n\n\n\n<h2 class=\"wp-block-heading\">Materiais opcionais<\/h2>\n\n\n\n<ul class=\"wp-block-list\">\n<li>Luvas de l\u00e1tex.<\/li>\n\n\n\n<li>\u00c1lcool comum de limpeza.<\/li>\n<\/ul>\n\n\n\n<div class=\"wp-block-media-text is-stacked-on-mobile\" style=\"grid-template-columns:40% auto\"><figure class=\"wp-block-media-text__media\"><video src=\"https:\/\/neblinux.com.br\/wp-content\/uploads\/2026\/04\/cleaning_00.mp4\" poster=\"https:\/\/neblinux.com.br\/wp-content\/uploads\/2026\/04\/cleaning_00.jpg\"><\/video><\/figure><div class=\"wp-block-media-text__content\">\n<h3 class=\"wp-block-heading\">Remo\u00e7\u00e3o dos filtros<\/h3>\n\n\n\n<p>Remova o m\u00e1ximo do material residual de dentro da c\u00e2mara.<\/p>\n\n\n\n<p>Utilize a esp\u00e1tula para empurrar os filtros sujos para fora e remov\u00ea-los.<\/p>\n<\/div><\/div>\n\n\n\n<div class=\"wp-block-media-text has-media-on-the-right is-stacked-on-mobile\" style=\"grid-template-columns:auto 40%\"><div class=\"wp-block-media-text__content\">\n<h3 class=\"wp-block-heading\">Prepara\u00e7\u00e3o das pe\u00e7as<\/h3>\n\n\n\n<p>As pe\u00e7as ser\u00e3o aquecidas no pr\u00f3prio aparelho para facilitar a remo\u00e7\u00e3o dos res\u00edduos.<\/p>\n\n\n\n<p>Para aumentar a efic\u00e1cia do aquecimento, dobre uma toalha de papel como indicado e insira sutilmente no vidro longo. Repita o procedimento para o vidro curto.<\/p>\n<\/div><figure class=\"wp-block-media-text__media\"><video src=\"https:\/\/neblinux.com.br\/wp-content\/uploads\/2026\/04\/cleaning_01.mp4\" poster=\"https:\/\/neblinux.com.br\/wp-content\/uploads\/2026\/04\/cleaning_01.jpg\"><\/video><\/figure><\/div>\n\n\n\n<div class=\"wp-block-media-text is-stacked-on-mobile\" style=\"grid-template-columns:40% auto\"><figure class=\"wp-block-media-text__media\"><video src=\"https:\/\/neblinux.com.br\/wp-content\/uploads\/2026\/04\/cleaning_02.mp4\" poster=\"https:\/\/neblinux.com.br\/wp-content\/uploads\/2026\/04\/cleaning_02.jpg\"><\/video><\/figure><div class=\"wp-block-media-text__content\">\n<h3 class=\"wp-block-heading\">Aquecimento<\/h3>\n\n\n\n<p>Coloque apenas a pe\u00e7a de vidro curta no aparelho e aque\u00e7a a 180\u00b0C por aproximadamente um minuto.<\/p>\n\n\n\n<p>Ap\u00f3s esse tempo, retire a pe\u00e7a do aparelho. <strong>Cuidado: a pe\u00e7a estar\u00e1 quente e h\u00e1 risco de queimaduras.<\/strong> Utilize uma toalha de papel dobrada para segurar a pe\u00e7a at\u00e9 que esfrie.<\/p>\n\n\n\n<p>Remova a toalha de papel encaixada na pe\u00e7a. Utilize a esp\u00e1tula para remover os res\u00edduos, empurrando de cima para baixo na parte interna do tubo.<\/p>\n<\/div><\/div>\n\n\n\n<div class=\"wp-block-media-text has-media-on-the-right is-stacked-on-mobile\" style=\"grid-template-columns:auto 40%\"><div class=\"wp-block-media-text__content\">\n<p>Encaixe a pe\u00e7a longa diretamente no sa\u00edda de ar quente do aparelho. Aque\u00e7a a 180\u00b0C por aproximadamente um minuto, como anteriormente.<\/p>\n\n\n\n<p>Tomando cuidado para n\u00e3o tocar diretamente na pe\u00e7a quente, empurre a toalha de papel para dentro do tubo com movimentos circulares.<\/p>\n<\/div><figure class=\"wp-block-media-text__media\"><video src=\"https:\/\/neblinux.com.br\/wp-content\/uploads\/2026\/04\/cleaning_03.mp4\" poster=\"https:\/\/neblinux.com.br\/wp-content\/uploads\/2026\/04\/cleaning_03.jpg\"><\/video><\/figure><\/div>\n\n\n\n<div class=\"wp-block-media-text is-stacked-on-mobile\" style=\"grid-template-columns:40% auto\"><figure class=\"wp-block-media-text__media\"><video src=\"https:\/\/neblinux.com.br\/wp-content\/uploads\/2026\/04\/cleaning_04.mp4\" poster=\"https:\/\/neblinux.com.br\/wp-content\/uploads\/2026\/04\/cleaning_04.jpg\"><\/video><\/figure><div class=\"wp-block-media-text__content\">\n<h3 class=\"wp-block-heading\">Desmontar encaixes<\/h3>\n\n\n\n<p>Para uma limpeza mais profunda, retire os encaixes e os an\u00e9is de silicone.<\/p>\n\n\n\n<p>Tanto as pe\u00e7as de silicone quanto os tubos de vidro podem ser novamente limpos com uma toalha de papel umedecida em \u00e1lcool de limpeza.<\/p>\n<\/div><\/div>\n\n\n\n<div class=\"wp-block-media-text has-media-on-the-right is-stacked-on-mobile\" style=\"grid-template-columns:auto 40%\"><div class=\"wp-block-media-text__content\">\n<h3 class=\"wp-block-heading\">Montagem do encaixes<\/h3>\n\n\n\n<p>Os encaixes de silicone devem ser recolocados corretamente nos tubos de vidro.<\/p>\n\n\n\n<p><strong>Na pe\u00e7a curta<\/strong>: posicione o encaixe de silicone deixando uma pequena sobra da gola, apenas o suficiente para permitir a fixa\u00e7\u00e3o do silicone da pe\u00e7a longa.<\/p>\n\n\n\n<p><strong>Na pe\u00e7a longa<\/strong>: posicione o encaixe de silicone deixando uma sobra um pouco maior da gola, onde ser\u00e3o posicionados os an\u00e9is de veda\u00e7\u00e3o.<\/p>\n<\/div><figure class=\"wp-block-media-text__media\"><video src=\"https:\/\/neblinux.com.br\/wp-content\/uploads\/2026\/04\/cleaning_05.mp4\" poster=\"https:\/\/neblinux.com.br\/wp-content\/uploads\/2026\/04\/cleaning_05.jpg\"><\/video><\/figure><\/div>\n\n\n\n<div class=\"wp-block-media-text is-stacked-on-mobile\" style=\"grid-template-columns:40% auto\"><figure class=\"wp-block-media-text__media\"><video src=\"https:\/\/neblinux.com.br\/wp-content\/uploads\/2026\/04\/cleaning_06.mp4\" poster=\"https:\/\/neblinux.com.br\/wp-content\/uploads\/2026\/04\/cleaning_06.jpg\"><\/video><\/figure><div class=\"wp-block-media-text__content\">\n<h3 class=\"wp-block-heading\">Coloca\u00e7\u00e3o dos filtros<\/h3>\n\n\n\n<p>Os <a href=\"https:\/\/neblinux.com.br\/?product=10-filtros-de-aco-aplicador\" data-type=\"product\" data-id=\"928\">filtros de a\u00e7o novos<\/a> devem ser posicionados utilizando o aplicador, respeitando a orienta\u00e7\u00e3o pr\u00f3pria de cada pe\u00e7a.<\/p>\n\n\n\n<p><strong>Na pe\u00e7a curta:<\/strong> o filtro deve estar apontado para cima, encaixado na ponta pl\u00e1stica do aplicador. Empurre o filtro para dentro at\u00e9 que esteja bem acomodado no interior da pe\u00e7a.<\/p>\n\n\n\n<p><strong>Na pe\u00e7a longa<\/strong>: o filtro deve estar inserido na base do aplicador, invertido em rela\u00e7\u00e3o \u00e0 pe\u00e7a curta. Empurre o filtro para dentro com cuidado para n\u00e3o deform\u00e1-lo.<\/p>\n\n\n\n<p>Encaixe as duas pe\u00e7as da c\u00e2mara e verifique se a fixa\u00e7\u00e3o est\u00e1 correta. Ajuste a posi\u00e7\u00e3o dos encaixes se necess\u00e1rio at\u00e9 que fique como na posi\u00e7\u00e3o original.<\/p>\n<\/div><\/div>\n\n\n\n<p><\/p>\n","protected":false},"excerpt":{"rendered":"<p>A vaporiza\u00e7\u00e3o regular de ervas inevitavelmente causa o ac\u00famulo de res\u00edduos na c\u00e2mara de vidro. Embora muitas sess\u00f5es de vaporiza\u00e7\u00e3o possam ser realizadas antes que haja necessidade de fazer a [&hellip;]<\/p>\n","protected":false},"author":1,"featured_media":0,"parent":0,"menu_order":0,"comment_status":"closed","ping_status":"closed","template":"","meta":{"footnotes":""},"class_list":["post-895","page","type-page","status-publish","hentry"],"_links":{"self":[{"href":"https:\/\/neblinux.com.br\/index.php?rest_route=\/wp\/v2\/pages\/895","targetHints":{"allow":["GET"]}}],"collection":[{"href":"https:\/\/neblinux.com.br\/index.php?rest_route=\/wp\/v2\/pages"}],"about":[{"href":"https:\/\/neblinux.com.br\/index.php?rest_route=\/wp\/v2\/types\/page"}],"author":[{"embeddable":true,"href":"https:\/\/neblinux.com.br\/index.php?rest_route=\/wp\/v2\/users\/1"}],"replies":[{"embeddable":true,"href":"https:\/\/neblinux.com.br\/index.php?rest_route=%2Fwp%2Fv2%2Fcomments&post=895"}],"version-history":[{"count":21,"href":"https:\/\/neblinux.com.br\/index.php?rest_route=\/wp\/v2\/pages\/895\/revisions"}],"predecessor-version":[{"id":962,"href":"https:\/\/neblinux.com.br\/index.php?rest_route=\/wp\/v2\/pages\/895\/revisions\/962"}],"wp:attachment":[{"href":"https:\/\/neblinux.com.br\/index.php?rest_route=%2Fwp%2Fv2%2Fmedia&parent=895"}],"curies":[{"name":"wp","href":"https:\/\/api.w.org\/{rel}","templated":true}]}}