{"id":86,"date":"2024-03-24T09:40:13","date_gmt":"2024-03-24T12:40:13","guid":{"rendered":"https:\/\/vapomatic.com.br\/carrinho\/"},"modified":"2025-10-21T11:11:04","modified_gmt":"2025-10-21T14:11:04","slug":"carrinho-2","status":"publish","type":"page","link":"https:\/\/neblinux.com.br\/?page_id=86","title":{"rendered":"Carrinho"},"content":{"rendered":"\n<div data-block-name=\"woocommerce\/cart\" class=\"wp-block-woocommerce-cart alignwide is-loading\">\n<div data-block-name=\"woocommerce\/filled-cart-block\" class=\"wp-block-woocommerce-filled-cart-block\">\n<div data-block-name=\"woocommerce\/cart-items-block\" class=\"wp-block-woocommerce-cart-items-block\">\n<div data-block-name=\"woocommerce\/cart-line-items-block\" class=\"wp-block-woocommerce-cart-line-items-block\"><\/div>\n\n\n\n<div data-block-name=\"woocommerce\/cart-cross-sells-block\" class=\"wp-block-woocommerce-cart-cross-sells-block\">\n<h2 class=\"wp-block-heading has-large-font-size\">You may be interested in\u2026<\/h2>\n\n\n\n<div data-block-name=\"woocommerce\/cart-cross-sells-products-block\" class=\"wp-block-woocommerce-cart-cross-sells-products-block\"><\/div>\n<\/div>\n<\/div>\n\n\n\n<div data-block-name=\"woocommerce\/cart-totals-block\" class=\"wp-block-woocommerce-cart-totals-block\">\n<div data-block-name=\"woocommerce\/cart-order-summary-block\" class=\"wp-block-woocommerce-cart-order-summary-block\">\n<div data-block-name=\"woocommerce\/cart-order-summary-heading-block\" class=\"wp-block-woocommerce-cart-order-summary-heading-block\"><\/div><div data-block-name=\"woocommerce\/cart-order-summary-coupon-form-block\" class=\"wp-block-woocommerce-cart-order-summary-coupon-form-block\"><\/div><div data-block-name=\"woocommerce\/cart-order-summary-totals-block\" class=\"wp-block-woocommerce-cart-order-summary-totals-block\">\n<div data-block-name=\"woocommerce\/cart-order-summary-subtotal-block\" class=\"wp-block-woocommerce-cart-order-summary-subtotal-block\"><\/div>\n<div data-block-name=\"woocommerce\/cart-order-summary-discount-block\" class=\"wp-block-woocommerce-cart-order-summary-discount-block\"><\/div>\n<div data-block-name=\"woocommerce\/cart-order-summary-fee-block\" class=\"wp-block-woocommerce-cart-order-summary-fee-block\"><\/div>\n<div data-block-name=\"woocommerce\/cart-order-summary-shipping-block\" class=\"wp-block-woocommerce-cart-order-summary-shipping-block\"><\/div>\n<div data-block-name=\"woocommerce\/cart-order-summary-taxes-block\" class=\"wp-block-woocommerce-cart-order-summary-taxes-block\"><\/div><\/div>\n<\/div>\n\n\n\n<div data-block-name=\"woocommerce\/cart-express-payment-block\" class=\"wp-block-woocommerce-cart-express-payment-block\"><\/div>\n\n\n\n<div data-block-name=\"woocommerce\/proceed-to-checkout-block\" class=\"wp-block-woocommerce-proceed-to-checkout-block\"><\/div>\n\n\n\n<div data-block-name=\"woocommerce\/cart-accepted-payment-methods-block\" class=\"wp-block-woocommerce-cart-accepted-payment-methods-block\"><\/div>\n<\/div>\n<\/div>\n\n\n\n<div data-block-name=\"woocommerce\/empty-cart-block\" class=\"wp-block-woocommerce-empty-cart-block\">\n<h2 class=\"wp-block-heading has-text-align-center with-empty-cart-icon wc-block-cart__empty-cart__title\">Seu carrinho est\u00e1 vazio no momento!<\/h2>\n\n\n\n<hr class=\"wp-block-separator has-alpha-channel-opacity is-style-dots\"\/>\n\n\n\n<h2 class=\"wp-block-heading has-text-align-center\">Novo na loja<\/h2>\n\n\n<div data-block-name=\"woocommerce\/product-new\" data-columns=\"4\" data-rows=\"1\" class=\"wc-block-grid wp-block-product-new wp-block-woocommerce-product-new wc-block-product-new has-4-columns\"><ul class=\"wc-block-grid__products\"><li class=\"wc-block-grid__product product-grid \">\n\t\t\t\t<div class=\"loop-image-wrap botiga-add-to-cart-button-layout3\">\n\t\t\t\t\t<a href=\"https:\/\/neblinux.com.br\/?product=10-filtros-de-aco-aplicador\" class=\"wc-block-grid__product-link\" title=\"Adicionar ao carrinho\">\n\t\t\t\t\t\t<div class=\"wc-block-grid__product-image\"><img loading=\"lazy\" decoding=\"async\" width=\"420\" height=\"420\" src=\"https:\/\/neblinux.com.br\/wp-content\/uploads\/2026\/04\/kit_10_filtros_00-420x420.jpg\" class=\"attachment-woocommerce_thumbnail size-woocommerce_thumbnail\" alt=\"10 filtros de a\u00e7o + aplicador\" srcset=\"https:\/\/neblinux.com.br\/wp-content\/uploads\/2026\/04\/kit_10_filtros_00-420x420.jpg 420w, https:\/\/neblinux.com.br\/wp-content\/uploads\/2026\/04\/kit_10_filtros_00-300x300.jpg 300w, https:\/\/neblinux.com.br\/wp-content\/uploads\/2026\/04\/kit_10_filtros_00-150x150.jpg 150w, https:\/\/neblinux.com.br\/wp-content\/uploads\/2026\/04\/kit_10_filtros_00-768x768.jpg 768w, https:\/\/neblinux.com.br\/wp-content\/uploads\/2026\/04\/kit_10_filtros_00-920x920.jpg 920w, https:\/\/neblinux.com.br\/wp-content\/uploads\/2026\/04\/kit_10_filtros_00-575x575.jpg 575w, https:\/\/neblinux.com.br\/wp-content\/uploads\/2026\/04\/kit_10_filtros_00-380x380.jpg 380w, https:\/\/neblinux.com.br\/wp-content\/uploads\/2026\/04\/kit_10_filtros_00-800x800.jpg 800w, https:\/\/neblinux.com.br\/wp-content\/uploads\/2026\/04\/kit_10_filtros_00-100x100.jpg 100w, https:\/\/neblinux.com.br\/wp-content\/uploads\/2026\/04\/kit_10_filtros_00.jpg 1024w\" sizes=\"auto, (max-width: 420px) 100vw, 420px\" \/><\/div>\n\t\t\t\t\t<\/a><div class=\"loop-button-wrap button-width-auto button-layout3 \"><a href=\"\/index.php?rest_route=%2Fwp%2Fv2%2Fpages%2F86&#038;add-to-cart=928\" aria-label=\"Adicione ao carrinho: &ldquo;10 filtros de a\u00e7o + aplicador&rdquo;\" data-quantity=\"1\" data-product_id=\"928\" data-product_sku=\"kit_10_filtros\" rel=\"nofollow\" class=\"button wp-block-button__link add_to_cart_button ajax_add_to_cart\">Adicionar ao carrinho<\/a><\/div><\/div><a href=\"https:\/\/neblinux.com.br\/?product=10-filtros-de-aco-aplicador\" class=\"wc-block-grid__product-link\">\n\t\t\t\t\t<div class=\"wc-block-grid__product-title\">10 filtros de a\u00e7o + aplicador<\/div>\n\t\t\t\t<\/a><div class=\"wc-block-grid__product-price price\"><span class=\"woocommerce-Price-amount amount\"><span class=\"woocommerce-Price-currencySymbol\">&#082;&#036;<\/span>&nbsp;39,90<\/span><\/div><\/li><li class=\"wc-block-grid__product product-grid \">\n\t\t\t\t<div class=\"loop-image-wrap botiga-add-to-cart-button-layout3\">\n\t\t\t\t\t<a href=\"https:\/\/neblinux.com.br\/?product=balao-coletor-3-unidades\" class=\"wc-block-grid__product-link\" title=\"Adicionar ao carrinho\">\n\t\t\t\t\t\t<div class=\"wc-block-grid__product-image\"><img loading=\"lazy\" decoding=\"async\" width=\"420\" height=\"420\" src=\"https:\/\/neblinux.com.br\/wp-content\/uploads\/2024\/07\/balao_01-1-420x420.jpeg\" class=\"attachment-woocommerce_thumbnail size-woocommerce_thumbnail\" alt=\"Bal\u00e3o coletor (3 unidades)\" srcset=\"https:\/\/neblinux.com.br\/wp-content\/uploads\/2024\/07\/balao_01-1-420x420.jpeg 420w, https:\/\/neblinux.com.br\/wp-content\/uploads\/2024\/07\/balao_01-1-300x300.jpeg 300w, https:\/\/neblinux.com.br\/wp-content\/uploads\/2024\/07\/balao_01-1-1024x1024.jpeg 1024w, https:\/\/neblinux.com.br\/wp-content\/uploads\/2024\/07\/balao_01-1-150x150.jpeg 150w, https:\/\/neblinux.com.br\/wp-content\/uploads\/2024\/07\/balao_01-1-768x768.jpeg 768w, https:\/\/neblinux.com.br\/wp-content\/uploads\/2024\/07\/balao_01-1-1536x1536.jpeg 1536w, https:\/\/neblinux.com.br\/wp-content\/uploads\/2024\/07\/balao_01-1-2048x2048.jpeg 2048w, https:\/\/neblinux.com.br\/wp-content\/uploads\/2024\/07\/balao_01-1-1140x1140.jpeg 1140w, https:\/\/neblinux.com.br\/wp-content\/uploads\/2024\/07\/balao_01-1-920x920.jpeg 920w, https:\/\/neblinux.com.br\/wp-content\/uploads\/2024\/07\/balao_01-1-575x575.jpeg 575w, https:\/\/neblinux.com.br\/wp-content\/uploads\/2024\/07\/balao_01-1-380x380.jpeg 380w, https:\/\/neblinux.com.br\/wp-content\/uploads\/2024\/07\/balao_01-1-800x800.jpeg 800w, https:\/\/neblinux.com.br\/wp-content\/uploads\/2024\/07\/balao_01-1-100x100.jpeg 100w\" sizes=\"auto, (max-width: 420px) 100vw, 420px\" \/><\/div>\n\t\t\t\t\t<\/a><div class=\"loop-button-wrap button-width-auto button-layout3 \"><a href=\"\/index.php?rest_route=%2Fwp%2Fv2%2Fpages%2F86&#038;add-to-cart=142\" aria-label=\"Adicione ao carrinho: &ldquo;Bal\u00e3o coletor (3 unidades)&rdquo;\" data-quantity=\"1\" data-product_id=\"142\" data-product_sku=\"bag2431-1\" rel=\"nofollow\" class=\"button wp-block-button__link add_to_cart_button ajax_add_to_cart\">Adicionar ao carrinho<\/a><\/div><\/div><a href=\"https:\/\/neblinux.com.br\/?product=balao-coletor-3-unidades\" class=\"wc-block-grid__product-link\">\n\t\t\t\t\t<div class=\"wc-block-grid__product-title\">Bal\u00e3o coletor (3 unidades)<\/div>\n\t\t\t\t<\/a><div class=\"wc-block-grid__product-price price\"><span class=\"woocommerce-Price-amount amount\"><span class=\"woocommerce-Price-currencySymbol\">&#082;&#036;<\/span>&nbsp;99,90<\/span><\/div><\/li><li class=\"wc-block-grid__product product-grid \">\n\t\t\t\t<div class=\"loop-image-wrap botiga-add-to-cart-button-layout3\">\n\t\t\t\t\t<a href=\"https:\/\/neblinux.com.br\/?product=balao-coletor\" class=\"wc-block-grid__product-link\" title=\"Adicionar ao carrinho\">\n\t\t\t\t\t\t<div class=\"wc-block-grid__product-image\"><img loading=\"lazy\" decoding=\"async\" width=\"420\" height=\"420\" src=\"https:\/\/neblinux.com.br\/wp-content\/uploads\/2024\/07\/balao_01-1-420x420.jpeg\" class=\"attachment-woocommerce_thumbnail size-woocommerce_thumbnail\" alt=\"Bal\u00e3o coletor\" srcset=\"https:\/\/neblinux.com.br\/wp-content\/uploads\/2024\/07\/balao_01-1-420x420.jpeg 420w, https:\/\/neblinux.com.br\/wp-content\/uploads\/2024\/07\/balao_01-1-300x300.jpeg 300w, https:\/\/neblinux.com.br\/wp-content\/uploads\/2024\/07\/balao_01-1-1024x1024.jpeg 1024w, https:\/\/neblinux.com.br\/wp-content\/uploads\/2024\/07\/balao_01-1-150x150.jpeg 150w, https:\/\/neblinux.com.br\/wp-content\/uploads\/2024\/07\/balao_01-1-768x768.jpeg 768w, https:\/\/neblinux.com.br\/wp-content\/uploads\/2024\/07\/balao_01-1-1536x1536.jpeg 1536w, https:\/\/neblinux.com.br\/wp-content\/uploads\/2024\/07\/balao_01-1-2048x2048.jpeg 2048w, https:\/\/neblinux.com.br\/wp-content\/uploads\/2024\/07\/balao_01-1-1140x1140.jpeg 1140w, https:\/\/neblinux.com.br\/wp-content\/uploads\/2024\/07\/balao_01-1-920x920.jpeg 920w, https:\/\/neblinux.com.br\/wp-content\/uploads\/2024\/07\/balao_01-1-575x575.jpeg 575w, https:\/\/neblinux.com.br\/wp-content\/uploads\/2024\/07\/balao_01-1-380x380.jpeg 380w, https:\/\/neblinux.com.br\/wp-content\/uploads\/2024\/07\/balao_01-1-800x800.jpeg 800w, https:\/\/neblinux.com.br\/wp-content\/uploads\/2024\/07\/balao_01-1-100x100.jpeg 100w\" sizes=\"auto, (max-width: 420px) 100vw, 420px\" \/><\/div>\n\t\t\t\t\t<\/a><div class=\"loop-button-wrap button-width-auto button-layout3 \"><a href=\"\/index.php?rest_route=%2Fwp%2Fv2%2Fpages%2F86&#038;add-to-cart=131\" aria-label=\"Adicione ao carrinho: &ldquo;Bal\u00e3o coletor&rdquo;\" data-quantity=\"1\" data-product_id=\"131\" data-product_sku=\"bag2431\" rel=\"nofollow\" class=\"button wp-block-button__link add_to_cart_button ajax_add_to_cart\">Adicionar ao carrinho<\/a><\/div><\/div><a href=\"https:\/\/neblinux.com.br\/?product=balao-coletor\" class=\"wc-block-grid__product-link\">\n\t\t\t\t\t<div class=\"wc-block-grid__product-title\">Bal\u00e3o coletor<\/div>\n\t\t\t\t<\/a><div class=\"wc-block-grid__product-price price\"><span class=\"woocommerce-Price-amount amount\"><span class=\"woocommerce-Price-currencySymbol\">&#082;&#036;<\/span>&nbsp;39,90<\/span><\/div><\/li><li class=\"wc-block-grid__product product-grid \">\n\t\t\t\t<div class=\"loop-image-wrap botiga-add-to-cart-button-layout3\">\n\t\t\t\t\t<a href=\"https:\/\/neblinux.com.br\/?product=camara-de-sublimacao\" class=\"wc-block-grid__product-link\" title=\"Adicionar ao carrinho\">\n\t\t\t\t\t\t<div class=\"wc-block-grid__product-image\"><img loading=\"lazy\" decoding=\"async\" width=\"420\" height=\"420\" src=\"https:\/\/neblinux.com.br\/wp-content\/uploads\/2025\/10\/pipes02-420x420.jpg\" class=\"attachment-woocommerce_thumbnail size-woocommerce_thumbnail\" alt=\"C\u00e2mara de vaporiza\u00e7\u00e3o\" srcset=\"https:\/\/neblinux.com.br\/wp-content\/uploads\/2025\/10\/pipes02-420x420.jpg 420w, https:\/\/neblinux.com.br\/wp-content\/uploads\/2025\/10\/pipes02-300x300.jpg 300w, https:\/\/neblinux.com.br\/wp-content\/uploads\/2025\/10\/pipes02-150x150.jpg 150w, https:\/\/neblinux.com.br\/wp-content\/uploads\/2025\/10\/pipes02-575x575.jpg 575w, https:\/\/neblinux.com.br\/wp-content\/uploads\/2025\/10\/pipes02-380x380.jpg 380w, https:\/\/neblinux.com.br\/wp-content\/uploads\/2025\/10\/pipes02-100x100.jpg 100w, https:\/\/neblinux.com.br\/wp-content\/uploads\/2025\/10\/pipes02.jpg 720w\" sizes=\"auto, (max-width: 420px) 100vw, 420px\" \/><\/div>\n\t\t\t\t\t<\/a><div class=\"loop-button-wrap button-width-auto button-layout3 \"><a href=\"\/index.php?rest_route=%2Fwp%2Fv2%2Fpages%2F86&#038;add-to-cart=130\" aria-label=\"Adicione ao carrinho: &ldquo;C\u00e2mara de vaporiza\u00e7\u00e3o&rdquo;\" data-quantity=\"1\" data-product_id=\"130\" data-product_sku=\"chamber2431\" rel=\"nofollow\" class=\"button wp-block-button__link add_to_cart_button ajax_add_to_cart\">Adicionar ao carrinho<\/a><\/div><\/div><a href=\"https:\/\/neblinux.com.br\/?product=camara-de-sublimacao\" class=\"wc-block-grid__product-link\">\n\t\t\t\t\t<div class=\"wc-block-grid__product-title\">C\u00e2mara de vaporiza\u00e7\u00e3o<\/div>\n\t\t\t\t<\/a><div class=\"wc-block-grid__product-price price\"><span class=\"woocommerce-Price-amount amount\"><span class=\"woocommerce-Price-currencySymbol\">&#082;&#036;<\/span>&nbsp;59,90<\/span><\/div><\/li><\/ul><\/div><\/div>\n<\/div>\n","protected":false},"excerpt":{"rendered":"","protected":false},"author":1,"featured_media":0,"parent":0,"menu_order":0,"comment_status":"closed","ping_status":"closed","template":"","meta":{"footnotes":""},"class_list":["post-86","page","type-page","status-publish","hentry"],"_links":{"self":[{"href":"https:\/\/neblinux.com.br\/index.php?rest_route=\/wp\/v2\/pages\/86","targetHints":{"allow":["GET"]}}],"collection":[{"href":"https:\/\/neblinux.com.br\/index.php?rest_route=\/wp\/v2\/pages"}],"about":[{"href":"https:\/\/neblinux.com.br\/index.php?rest_route=\/wp\/v2\/types\/page"}],"author":[{"embeddable":true,"href":"https:\/\/neblinux.com.br\/index.php?rest_route=\/wp\/v2\/users\/1"}],"replies":[{"embeddable":true,"href":"https:\/\/neblinux.com.br\/index.php?rest_route=%2Fwp%2Fv2%2Fcomments&post=86"}],"version-history":[{"count":2,"href":"https:\/\/neblinux.com.br\/index.php?rest_route=\/wp\/v2\/pages\/86\/revisions"}],"predecessor-version":[{"id":557,"href":"https:\/\/neblinux.com.br\/index.php?rest_route=\/wp\/v2\/pages\/86\/revisions\/557"}],"wp:attachment":[{"href":"https:\/\/neblinux.com.br\/index.php?rest_route=%2Fwp%2Fv2%2Fmedia&parent=86"}],"curies":[{"name":"wp","href":"https:\/\/api.w.org\/{rel}","templated":true}]}}