{"id":506,"date":"2025-10-29T15:39:10","date_gmt":"2025-10-29T18:39:10","guid":{"rendered":"https:\/\/neblinux.com.br\/?page_id=506"},"modified":"2026-03-20T10:41:04","modified_gmt":"2026-03-20T13:41:04","slug":"neblinux-2","status":"publish","type":"page","link":"https:\/\/neblinux.com.br\/","title":{"rendered":"Vaporizador Neblinux"},"content":{"rendered":"\n<div class=\"wp-block-media-text is-stacked-on-mobile has-color-6-background-color has-background\" style=\"border-radius:0px;margin-top:0;margin-bottom:0;grid-template-columns:40% auto\"><figure class=\"wp-block-media-text__media\"><video src=\"https:\/\/neblinux.com.br\/wp-content\/uploads\/2025\/10\/Turn-on.mp4\" poster=\"https:\/\/neblinux.com.br\/wp-content\/uploads\/2025\/10\/Turn-on.jpg\"><\/video><\/figure><div class=\"wp-block-media-text__content\">\n<p><em>Neblinux<\/em>\u00ae \u00e9 um vaporizador de ervas e compostos derivados, com bal\u00e3o coletor e sistema de controle t\u00e9rmico de alta precis\u00e3o.<\/p>\n\n\n\n<p>Sua finalidade \u00e9 volatilizar compostos presentes em plantas por difus\u00e3o t\u00e9rmica. Esses compostos podem ser diretamente dispersados no ar ou coletados no bal\u00e3o.<\/p>\n<\/div><\/div>\n\n\n\n<div class=\"wp-block-media-text has-media-on-the-right is-stacked-on-mobile black\" style=\"margin-top:var(--wp--preset--spacing--40);margin-bottom:var(--wp--preset--spacing--40)\"><div class=\"wp-block-media-text__content\">\n<h3 class=\"wp-block-heading\">C\u00e2mara em Vidro Borosilicato<\/h3>\n\n\n\n<p>Projetada para performance, seguran\u00e7a e praticidade, a c\u00e2mara de vaporiza\u00e7\u00e3o \u00e9 fabricada em vidro borosilicato de 2,5mm, resistente a altas temperaturas. Conta com encaixes de silicone e filtros de a\u00e7o inoxid\u00e1vel, garantindo uma extra\u00e7\u00e3o pura, segura e livre de contaminantes.<\/p>\n<\/div><figure class=\"wp-block-media-text__media\"><img loading=\"lazy\" decoding=\"async\" width=\"720\" height=\"720\" src=\"https:\/\/neblinux.com.br\/wp-content\/uploads\/2025\/10\/pipes02.jpg\" alt=\"\" class=\"wp-image-639 size-full\" srcset=\"https:\/\/neblinux.com.br\/wp-content\/uploads\/2025\/10\/pipes02.jpg 720w, https:\/\/neblinux.com.br\/wp-content\/uploads\/2025\/10\/pipes02-300x300.jpg 300w, https:\/\/neblinux.com.br\/wp-content\/uploads\/2025\/10\/pipes02-150x150.jpg 150w, https:\/\/neblinux.com.br\/wp-content\/uploads\/2025\/10\/pipes02-575x575.jpg 575w, https:\/\/neblinux.com.br\/wp-content\/uploads\/2025\/10\/pipes02-380x380.jpg 380w, https:\/\/neblinux.com.br\/wp-content\/uploads\/2025\/10\/pipes02-420x420.jpg 420w, https:\/\/neblinux.com.br\/wp-content\/uploads\/2025\/10\/pipes02-100x100.jpg 100w\" sizes=\"auto, (max-width: 720px) 100vw, 720px\" \/><\/figure><\/div>\n\n\n\n<div class=\"wp-block-media-text has-media-on-the-right is-stacked-on-mobile\" style=\"grid-template-columns:auto 40%\"><div class=\"wp-block-media-text__content\">\n<h3 class=\"wp-block-heading\">Pot\u00eancia e Durabilidade<\/h3>\n\n\n\n<p>Estrutura interna em a\u00e7o garante resist\u00eancia e durabilidade. Pot\u00eancia de 65W com controle preciso de temperatura at\u00e9 300\u00b0C. Liga\u00e7\u00f5es el\u00e9tricas refor\u00e7adas e aquecedor isolado conferem seguran\u00e7a para uso intensivo. Todos os componentes integrados num formato \u00fanico em a\u00e7o inoxid\u00e1vel.<\/p>\n<\/div><figure class=\"wp-block-media-text__media\"><video src=\"https:\/\/neblinux.com.br\/wp-content\/uploads\/2025\/10\/360\u00b0-X-Ray.mp4\" poster=\"https:\/\/neblinux.com.br\/wp-content\/uploads\/2025\/10\/360\u00b0-X-Ray.jpg\"><\/video><\/figure><\/div>\n\n\n\n<div class=\"wp-block-media-text is-stacked-on-mobile has-color-6-background-color has-background\" style=\"border-radius:0px;margin-top:0;margin-bottom:0;grid-template-columns:40% auto\"><figure class=\"wp-block-media-text__media\"><video src=\"https:\/\/neblinux.com.br\/wp-content\/uploads\/2026\/01\/Temp-Change.mp4\" poster=\"https:\/\/neblinux.com.br\/wp-content\/uploads\/2026\/01\/Temp-Change.jpg\"><\/video><\/figure><div class=\"wp-block-media-text__content\">\n<h3 class=\"wp-block-heading\">Controle Digital de Temperatura<\/h3>\n\n\n\n<p>O sistema de aquecimento \u00e9 equipado com controle digital PID para ajustes autom\u00e1ticos e cont\u00ednuos, eliminando flutua\u00e7\u00f5es da temperatura escolhida e assegurando a estabilidade t\u00e9rmica ideal para a extra\u00e7\u00e3o. Isso garante que cada sess\u00e3o seja consistente e reproduz\u00edvel, do in\u00edcio ao fim.<\/p>\n<\/div><\/div>\n\n\n\n<div class=\"wp-block-buttons is-content-justification-center is-layout-flex wp-container-core-buttons-is-layout-d234f690 wp-block-buttons-is-layout-flex\" style=\"margin-top:var(--wp--preset--spacing--50);margin-bottom:var(--wp--preset--spacing--50)\">\n<div class=\"wp-block-button\"><a class=\"wp-block-button__link wp-element-button\" href=\"https:\/\/neblinux.com.br\/?p=739\">A Import\u00e2ncia do Controle de Temperatura<\/a><\/div>\n<\/div>\n\n\n\n<div class=\"wp-block-cover wp-duotone-unset-1\" style=\"border-radius:0.5em\"><img loading=\"lazy\" decoding=\"async\" width=\"1920\" height=\"2560\" class=\"wp-block-cover__image-background wp-image-678 size-full\" alt=\"\" src=\"https:\/\/neblinux.com.br\/wp-content\/uploads\/2025\/11\/Probe-scaled.jpg\" style=\"object-position:56% 81%\" data-object-fit=\"cover\" data-object-position=\"56% 81%\" srcset=\"https:\/\/neblinux.com.br\/wp-content\/uploads\/2025\/11\/Probe-scaled.jpg 1920w, https:\/\/neblinux.com.br\/wp-content\/uploads\/2025\/11\/Probe-225x300.jpg 225w, https:\/\/neblinux.com.br\/wp-content\/uploads\/2025\/11\/Probe-768x1024.jpg 768w, https:\/\/neblinux.com.br\/wp-content\/uploads\/2025\/11\/Probe-1152x1536.jpg 1152w, https:\/\/neblinux.com.br\/wp-content\/uploads\/2025\/11\/Probe-1536x2048.jpg 1536w, https:\/\/neblinux.com.br\/wp-content\/uploads\/2025\/11\/Probe-1140x1520.jpg 1140w, https:\/\/neblinux.com.br\/wp-content\/uploads\/2025\/11\/Probe-920x1227.jpg 920w, https:\/\/neblinux.com.br\/wp-content\/uploads\/2025\/11\/Probe-575x767.jpg 575w, https:\/\/neblinux.com.br\/wp-content\/uploads\/2025\/11\/Probe-380x507.jpg 380w, https:\/\/neblinux.com.br\/wp-content\/uploads\/2025\/11\/Probe-800x1067.jpg 800w\" sizes=\"auto, (max-width: 1920px) 100vw, 1920px\" \/><span aria-hidden=\"true\" class=\"wp-block-cover__background has-color-3-background-color has-background-dim-80 has-background-dim\"><\/span><div class=\"wp-block-cover__inner-container is-layout-constrained wp-block-cover-is-layout-constrained\">\n<h2 class=\"wp-block-heading alignwide has-text-align-center\" id=\"we-re-a-studio-in-berlin-with-an-international-practice-in-architecture-urban-planning-and-interior-design-we-believe-in-sharing-knowledge-and-promoting-dialogue-to-increase-the-creative-potential-of-collaboration\" style=\"font-size:48px;line-height:1.1\">Calibra\u00e7\u00e3o Individual<\/h2>\n\n\n\n<p class=\"has-text-align-center\">Cada unidade \u00e9 ajustada rigorosamente em laborat\u00f3rio. A calibra\u00e7\u00e3o de f\u00e1brica assegura que a temperatura mostrada em tela \u00e9 a mesma aplicada no processo, permitindo que voc\u00ea explore perfis precisos e obtenha o m\u00e1ximo de cada composto.<\/p>\n<\/div><\/div>\n\n\n\n<div class=\"wp-block-buttons is-content-justification-center is-layout-flex wp-container-core-buttons-is-layout-a89b3969 wp-block-buttons-is-layout-flex\">\n<div class=\"wp-block-button\"><a class=\"wp-block-button__link has-color-0-background-color has-background has-text-align-left wp-element-button\" href=\"https:\/\/neblinux.com.br\/?product=neblinux\">Saiba Mais<\/a><\/div>\n<\/div>\n","protected":false},"excerpt":{"rendered":"<p>Neblinux\u00ae \u00e9 um vaporizador de ervas e compostos derivados, com bal\u00e3o coletor e sistema de controle t\u00e9rmico de alta precis\u00e3o. Sua finalidade \u00e9 volatilizar compostos presentes em plantas por difus\u00e3o [&hellip;]<\/p>\n","protected":false},"author":1,"featured_media":0,"parent":0,"menu_order":0,"comment_status":"closed","ping_status":"closed","template":"","meta":{"footnotes":""},"class_list":["post-506","page","type-page","status-publish","hentry"],"_links":{"self":[{"href":"https:\/\/neblinux.com.br\/index.php?rest_route=\/wp\/v2\/pages\/506","targetHints":{"allow":["GET"]}}],"collection":[{"href":"https:\/\/neblinux.com.br\/index.php?rest_route=\/wp\/v2\/pages"}],"about":[{"href":"https:\/\/neblinux.com.br\/index.php?rest_route=\/wp\/v2\/types\/page"}],"author":[{"embeddable":true,"href":"https:\/\/neblinux.com.br\/index.php?rest_route=\/wp\/v2\/users\/1"}],"replies":[{"embeddable":true,"href":"https:\/\/neblinux.com.br\/index.php?rest_route=%2Fwp%2Fv2%2Fcomments&post=506"}],"version-history":[{"count":97,"href":"https:\/\/neblinux.com.br\/index.php?rest_route=\/wp\/v2\/pages\/506\/revisions"}],"predecessor-version":[{"id":868,"href":"https:\/\/neblinux.com.br\/index.php?rest_route=\/wp\/v2\/pages\/506\/revisions\/868"}],"wp:attachment":[{"href":"https:\/\/neblinux.com.br\/index.php?rest_route=%2Fwp%2Fv2%2Fmedia&parent=506"}],"curies":[{"name":"wp","href":"https:\/\/api.w.org\/{rel}","templated":true}]}}